{"id":71,"date":"2017-03-17T11:53:40","date_gmt":"2017-03-17T11:53:40","guid":{"rendered":"http:\/\/cave1990.com\/home\/"},"modified":"2025-06-01T11:36:52","modified_gmt":"2025-06-01T10:36:52","slug":"accueil","status":"publish","type":"page","link":"https:\/\/cave1990.com\/en\/","title":{"rendered":"Home"},"content":{"rendered":"","protected":false},"excerpt":{"rendered":"","protected":false},"author":1,"featured_media":0,"parent":0,"menu_order":0,"comment_status":"closed","ping_status":"closed","template":"","meta":[],"yoast_head":"<!-- This site is optimized with the Yoast SEO plugin v15.7 - https:\/\/yoast.com\/wordpress\/plugins\/seo\/ -->\n<title>Cave 1990 - Saint-Tropez : S\u00e9lection de Vins, Champagne &amp; Spiritueux<\/title>\n<meta name=\"description\" content=\"Retrouvez vos Vins, Champagnes et Spiritueux livr\u00e9s \u00e0 domicile et sur votre bateau dans le Golfe de Saint-Tropez. Cave 1990 \u00e0 Saint-Tropez.\" \/>\n<meta name=\"robots\" content=\"index, follow, max-snippet:-1, max-image-preview:large, max-video-preview:-1\" \/>\n<link rel=\"canonical\" href=\"https:\/\/cave1990.com\/en\/\" \/>\n<meta property=\"og:locale\" content=\"en_GB\" \/>\n<meta property=\"og:type\" content=\"article\" \/>\n<meta property=\"og:title\" content=\"Cave 1990 - Saint-Tropez : S\u00e9lection de Vins, Champagne &amp; Spiritueux\" \/>\n<meta property=\"og:description\" content=\"Retrouvez vos Vins, Champagnes et Spiritueux livr\u00e9s \u00e0 domicile et sur votre bateau dans le Golfe de Saint-Tropez. Cave 1990 \u00e0 Saint-Tropez.\" \/>\n<meta property=\"og:url\" content=\"https:\/\/cave1990.com\/en\/\" \/>\n<meta property=\"og:site_name\" content=\"Cave 1990\" \/>\n<meta property=\"article:publisher\" content=\"https:\/\/m.facebook.com\/Cave-1990-100343215601085\/\" \/>\n<meta property=\"article:modified_time\" content=\"2025-06-01T10:36:52+00:00\" \/>\n<script type=\"application\/ld+json\" class=\"yoast-schema-graph\">{\"@context\":\"https:\/\/schema.org\",\"@graph\":[{\"@type\":\"Organization\",\"@id\":\"https:\/\/cave1990.com\/#organization\",\"name\":\"Cave 1990\",\"url\":\"https:\/\/cave1990.com\/\",\"sameAs\":[\"https:\/\/m.facebook.com\/Cave-1990-100343215601085\/\",\"https:\/\/www.instagram.com\/lacave1990\/?hl=fr\"],\"logo\":{\"@type\":\"ImageObject\",\"@id\":\"https:\/\/cave1990.com\/#logo\",\"inLanguage\":\"en-GB\",\"url\":\"https:\/\/cave1990.com\/wp-content\/uploads\/2022\/04\/cropped-Illustration_sans_titre.jpg\",\"width\":512,\"height\":512,\"caption\":\"Cave 1990\"},\"image\":{\"@id\":\"https:\/\/cave1990.com\/#logo\"}},{\"@type\":\"WebSite\",\"@id\":\"https:\/\/cave1990.com\/#website\",\"url\":\"https:\/\/cave1990.com\/\",\"name\":\"Cave 1990\",\"description\":\"\",\"publisher\":{\"@id\":\"https:\/\/cave1990.com\/#organization\"},\"potentialAction\":[{\"@type\":\"SearchAction\",\"target\":\"https:\/\/cave1990.com\/?s={search_term_string}\",\"query-input\":\"required name=search_term_string\"}],\"inLanguage\":\"en-GB\"},{\"@type\":\"WebPage\",\"@id\":\"https:\/\/cave1990.com\/#webpage\",\"url\":\"https:\/\/cave1990.com\/\",\"name\":\"Cave 1990 - Saint-Tropez : S\\u00e9lection de Vins, Champagne & Spiritueux\",\"isPartOf\":{\"@id\":\"https:\/\/cave1990.com\/#website\"},\"datePublished\":\"2017-03-17T11:53:40+00:00\",\"dateModified\":\"2025-06-01T10:36:52+00:00\",\"description\":\"Retrouvez vos Vins, Champagnes et Spiritueux livr\\u00e9s \\u00e0 domicile et sur votre bateau dans le Golfe de Saint-Tropez. Cave 1990 \\u00e0 Saint-Tropez.\",\"inLanguage\":\"en-GB\",\"potentialAction\":[{\"@type\":\"ReadAction\",\"target\":[\"https:\/\/cave1990.com\/\"]}]}]}<\/script>\n<!-- \/ Yoast SEO plugin. -->","_links":{"self":[{"href":"https:\/\/cave1990.com\/en\/wp-json\/wp\/v2\/pages\/71"}],"collection":[{"href":"https:\/\/cave1990.com\/en\/wp-json\/wp\/v2\/pages"}],"about":[{"href":"https:\/\/cave1990.com\/en\/wp-json\/wp\/v2\/types\/page"}],"author":[{"embeddable":true,"href":"https:\/\/cave1990.com\/en\/wp-json\/wp\/v2\/users\/1"}],"replies":[{"embeddable":true,"href":"https:\/\/cave1990.com\/en\/wp-json\/wp\/v2\/comments?post=71"}],"version-history":[{"count":5,"href":"https:\/\/cave1990.com\/en\/wp-json\/wp\/v2\/pages\/71\/revisions"}],"predecessor-version":[{"id":320,"href":"https:\/\/cave1990.com\/en\/wp-json\/wp\/v2\/pages\/71\/revisions\/320"}],"wp:attachment":[{"href":"https:\/\/cave1990.com\/en\/wp-json\/wp\/v2\/media?parent=71"}],"curies":[{"name":"wp","href":"https:\/\/api.w.org\/{rel}","templated":true}]}}